{"id":891,"date":"2020-08-04T16:05:20","date_gmt":"2020-08-04T14:05:20","guid":{"rendered":"https:\/\/ip221.ip-54-36-98.eu\/?post_type=product&#038;p=891"},"modified":"2026-02-17T07:09:51","modified_gmt":"2026-02-17T06:09:51","slug":"noyaux-dolives","status":"publish","type":"product","link":"https:\/\/www.greenbarbecues.fr\/index.php\/produit\/noyaux-dolives\/","title":{"rendered":"Noyaux d&rsquo;olives"},"content":{"rendered":"<p><strong>UTILISATION DE GREEN BBQ\u00a0:<\/strong><\/p>\n<p>Allumage du BBQ : Disposez un allume-feu 100% naturel sur la grille de votre barbecue, versez vos briquettes dans une chemin\u00e9e d\u2019allumage, allumez votre allume-feu et placez la chemin\u00e9e au-dessus. Patientez 10 \u00e0 15 minutes avant de renverser la chemin\u00e9e. (Munissez vous d\u2019un gant de protection pour manipuler la chemin\u00e9e d\u2019allumage et \u00e9viter tout risque de brulures).<\/p>\n<p>Une fois les braises vers\u00e9es dans votre barbecue, les briquettes vous permettront de cuisiner pendant plus de 3 heures. 2 \u00e0 3 kilos de briquettes suffisent pour 10 convives.<\/p>\n<p>Quantit\u00e9 variable selon la taille de votre barbecue, ajustez selon votre mod\u00e8le.<\/p>\n<p>&nbsp;<\/p>\n<p><strong>Le saviez-vous\u00a0?<\/strong><\/p>\n<p><strong>Ensemble, \u00a0pr\u00e9servons nos ressources et consommons durable<\/strong><\/p>\n<p>100% naturelles les briquettes de charbon de coques de noisettes et de noyaux d\u2019olives luttent contre la d\u00e9forestation. Aucun arbre n\u2019est utilis\u00e9 dans la composition de nos briquettes<\/p>\n<p>&nbsp;<\/p>\n<p>Chaque tonne de notre charbon \u00e9cologique GreenBBQ permet d\u2019\u00e9viter l\u2019abattage de 10 tonnes d\u2019arbres\u00a0; en achetant un produit Green BBQ issu du recyclage de coques de noisettes ou de noyaux d\u2019olives, vous contribuez \u00e0 la sauvegarde de nos for\u00eats et \u00e0 limiter le CO2 dans l\u2019atmosph\u00e8re<\/p>\n<p>&nbsp;<\/p>\n<p><strong>1 tonne de charbon GreenBBQ = 10 tonnes d\u2019arbres pr\u00e9serv\u00e9es<\/strong><\/p>\n<p>&nbsp;<\/p>\n<p><strong><em>Les cendres GreenBBQ\u00a0 sont bonnes pour votre pelouse<\/em><\/strong><em> de jardin qui, \u00e0 la dose maximale de 100Gr\/M2 par an , favorisera l\u2019activit\u00e9 des micro-organismes et des lombrics, ce qui am\u00e9liore l\u2019infiltration de l\u2019eau et limite ainsi l\u2019apparition de la mousse<\/em><\/p>\n<p>&nbsp;<\/p>\n<p>Ne laissez plus bruler vos briquettes en fin de barbecue\u00a0!<\/p>\n<p>A la fin de votre barbecue, vaporiser de l\u2019eau sur vos briquettes afin de stopper la combustion. Apr\u00e8s quelques heures\/jours, vos briquettes GreenBBQ pourront de nouveau \u00eatre rallum\u00e9es, il faudra juste rajouter quelques briquettes neuves pour garantir une bonne combustion. Vous pourrez ainsi les r\u00e9utiliser pour un prochain barbecue\u00a0!<\/p>\n<p>&nbsp;<\/p>\n<p><strong>GREENBBQ est test\u00e9 suivant la norme NF 1860 -2 <\/strong><\/p>\n<p>&nbsp;<\/p>\n<p><strong>PRECAUTIONS D\u2019UTILISATION<\/strong> : Briquettes de charbon GreenBBQ pour barbecues.<\/p>\n<p>Attention : Ne pas raviver le feu et les braises du barbecue avec des produits liquides \u00e0 base d\u2019alcool, d\u2019essence ou tout autre produit similaire !<\/p>\n<p>N\u2019utilisez pas votre barbecue dans un espace ferm\u00e9 ou confin\u00e9, il doit \u00eatre utilis\u00e9 en ext\u00e9rieur et surveill\u00e9 en permanence afin d\u2019\u00e9viter les accidents domestiques.<\/p>\n<p>N\u2019utilisez pas votre barbecue en int\u00e9rieur, dans votre maison, voiture, tente de camping ou camping-car.<\/p>\n<p>Avertissement : Risque de brulures et danger de mort : Le barbecue est susceptible de provoquer la mort par intoxication au monoxyde de carbone.<\/p>\n<p>Ne laissez pas les enfants s\u2019approcher du barbecue au risque de graves brulures. Ne pas inhaler les fum\u00e9es. A conserver dans un endroit sec, \u00e0 l\u2019abri de l\u2019humidit\u00e9, de la chaleur et des flammes.<\/p>\n<p>Extinction de vos braises : Selon le type de barbecue, couvrir en privant d\u2019oxyg\u00e8ne, attendre que les briquettes soient totalement froides avant de vider le barbecue. Par pr\u00e9caution, mouiller la cendre pour \u00e9viter tout incendie. Ne jamais vider la cendre chaude dans l\u2019environnement<\/p>\n","protected":false},"excerpt":{"rendered":"<p>UTILISATION DE GREEN BBQ\u00a0: Allumage du BBQ : Disposez un allume-feu 100% naturel sur la grille de votre barbecue, versez [&hellip;]<\/p>\n","protected":false},"featured_media":1443,"comment_status":"open","ping_status":"closed","template":"","meta":[],"yoast_head":"<!-- This site is optimized with the Yoast SEO plugin v14.9 - https:\/\/yoast.com\/wordpress\/plugins\/seo\/ -->\n<title>Noyaux d&#039;olives - GreenBBQ<\/title>\n<meta name=\"robots\" content=\"index, follow, max-snippet:-1, max-image-preview:large, max-video-preview:-1\" \/>\n<link rel=\"canonical\" href=\"https:\/\/www.greenbarbecues.fr\/index.php\/produit\/noyaux-dolives\/\" \/>\n<meta property=\"og:locale\" content=\"fr_FR\" \/>\n<meta property=\"og:type\" content=\"article\" \/>\n<meta property=\"og:title\" content=\"Noyaux d&#039;olives - GreenBBQ\" \/>\n<meta property=\"og:description\" content=\"UTILISATION DE GREEN BBQ\u00a0: Allumage du BBQ : Disposez un allume-feu 100% naturel sur la grille de votre barbecue, versez [&hellip;]\" \/>\n<meta property=\"og:url\" content=\"https:\/\/www.greenbarbecues.fr\/index.php\/produit\/noyaux-dolives\/\" \/>\n<meta property=\"og:site_name\" content=\"GreenBBQ\" \/>\n<meta property=\"article:modified_time\" content=\"2026-02-17T06:09:51+00:00\" \/>\n<meta property=\"og:image\" content=\"https:\/\/www.greenbarbecues.fr\/wp-content\/uploads\/2020\/08\/packshot-olive-4-1.jpg\" \/>\n\t<meta property=\"og:image:width\" content=\"1000\" \/>\n\t<meta property=\"og:image:height\" content=\"1067\" \/>\n<meta name=\"twitter:card\" content=\"summary_large_image\" \/>\n<script type=\"application\/ld+json\" class=\"yoast-schema-graph\">{\"@context\":\"https:\/\/schema.org\",\"@graph\":[{\"@type\":\"WebSite\",\"@id\":\"https:\/\/www.greenbarbecues.fr\/#website\",\"url\":\"https:\/\/www.greenbarbecues.fr\/\",\"name\":\"GreenBBQ\",\"description\":\"La briquette qui respecte la nature\",\"potentialAction\":[{\"@type\":\"SearchAction\",\"target\":\"https:\/\/www.greenbarbecues.fr\/?s={search_term_string}\",\"query-input\":\"required name=search_term_string\"}],\"inLanguage\":\"fr-FR\"},{\"@type\":\"ImageObject\",\"@id\":\"https:\/\/www.greenbarbecues.fr\/index.php\/produit\/noyaux-dolives\/#primaryimage\",\"inLanguage\":\"fr-FR\",\"url\":\"https:\/\/www.greenbarbecues.fr\/wp-content\/uploads\/2020\/08\/packshot-olive-4-1.jpg\",\"width\":1000,\"height\":1067},{\"@type\":\"WebPage\",\"@id\":\"https:\/\/www.greenbarbecues.fr\/index.php\/produit\/noyaux-dolives\/#webpage\",\"url\":\"https:\/\/www.greenbarbecues.fr\/index.php\/produit\/noyaux-dolives\/\",\"name\":\"Noyaux d'olives - GreenBBQ\",\"isPartOf\":{\"@id\":\"https:\/\/www.greenbarbecues.fr\/#website\"},\"primaryImageOfPage\":{\"@id\":\"https:\/\/www.greenbarbecues.fr\/index.php\/produit\/noyaux-dolives\/#primaryimage\"},\"datePublished\":\"2020-08-04T14:05:20+00:00\",\"dateModified\":\"2026-02-17T06:09:51+00:00\",\"inLanguage\":\"fr-FR\",\"potentialAction\":[{\"@type\":\"ReadAction\",\"target\":[\"https:\/\/www.greenbarbecues.fr\/index.php\/produit\/noyaux-dolives\/\"]}]}]}<\/script>\n<!-- \/ Yoast SEO plugin. -->","_links":{"self":[{"href":"https:\/\/www.greenbarbecues.fr\/index.php\/wp-json\/wp\/v2\/product\/891"}],"collection":[{"href":"https:\/\/www.greenbarbecues.fr\/index.php\/wp-json\/wp\/v2\/product"}],"about":[{"href":"https:\/\/www.greenbarbecues.fr\/index.php\/wp-json\/wp\/v2\/types\/product"}],"replies":[{"embeddable":true,"href":"https:\/\/www.greenbarbecues.fr\/index.php\/wp-json\/wp\/v2\/comments?post=891"}],"wp:featuredmedia":[{"embeddable":true,"href":"https:\/\/www.greenbarbecues.fr\/index.php\/wp-json\/wp\/v2\/media\/1443"}],"wp:attachment":[{"href":"https:\/\/www.greenbarbecues.fr\/index.php\/wp-json\/wp\/v2\/media?parent=891"}],"curies":[{"name":"wp","href":"https:\/\/api.w.org\/{rel}","templated":true}]}}